{"id":30,"date":"2026-02-01T14:41:21","date_gmt":"2026-02-01T14:41:21","guid":{"rendered":"https:\/\/it-weiland.de\/?page_id=30"},"modified":"2026-02-01T14:41:22","modified_gmt":"2026-02-01T14:41:22","slug":"datenschutzerklaerung","status":"publish","type":"page","link":"https:\/\/it-weiland.de\/?page_id=30","title":{"rendered":"Datenschutzerkl\u00e4rung"},"content":{"rendered":"\n<p>Datenschutzerkl\u00e4rung<\/p>\n\n\n\n<p>Anbieter und verantwortliche Stelle im Sinne des Datenschutzgesetzes<\/p>\n\n\n\n<p>IT-Weiland | Andreas Weiland | Wei\u00dfdornweg 9 | 88339 Bad Waldsee<\/p>\n\n\n\n<p>Geltungsbereich<\/p>\n\n\n\n<p>Nutzer erhalten mit dieser Datenschutzerkl\u00e4rung Information \u00fcber die Art, den Umfang und Zweck der Erhebung und Verwendung ihrer Daten durch den verantwortlichen Anbieter erhoben und verwendet werden.<\/p>\n\n\n\n<p>Den rechtlichen Rahmen f\u00fcr den Datenschutz bilden das Bundesdatenschutzgesetz (BDSG) und das Telemediengesetz (TMG).<\/p>\n\n\n\n<p>Erbringung kostenpflichtiger Leistungen<\/p>\n\n\n\n<p>Damit wir kostenpflichtige Leistungen erbringen k\u00f6nnen, fragen wir zus\u00e4tzliche Daten ab. Das gilt zum Beispiel f\u00fcr die Angaben zur Zahlung.<\/p>\n\n\n\n<p>Damit die Sicherheit Ihrer Daten w\u00e4hrend der \u00dcbertragung gew\u00e4hrleistet ist, arbeiten wir mit Verschl\u00fcsselungsverfahren (etwa SSL) \u00fcber HTTPS, die den aktuellen Stand der Technik widerspiegeln.<\/p>\n\n\n\n<p>Kontaktformular<\/p>\n\n\n\n<p>Wenn Sie uns \u00fcber das Onlineformular oder per E-Mail kontaktieren, speichern wir die von Ihnen gemachten Angaben, um Ihre Anfrage beantworten und m\u00f6gliche Anschlussfragen stellen zu k\u00f6nnen.<\/p>\n\n\n\n<p>Datensparsamkeit<\/p>\n\n\n\n<p>Personenbezogene Daten speichern wir gem\u00e4\u00df den Grunds\u00e4tzen der Datenvermeidung und Datensparsamkeit nur so lange, wie es erforderlich ist oder vom Gesetzgeber her vorgeschrieben wird (gesetzliche Speicherfrist). Entf\u00e4llt der Zweck der erhobenen Informationen oder endet die Speicherfrist, sperren oder l\u00f6schen wir die Daten.<\/p>\n\n\n\n<p>Ihre Rechte auf Auskunft, Berichtigung, Sperre, L\u00f6schung und Widerspruch<\/p>\n\n\n\n<p>Sie haben das Recht, auf Antrag unentgeltlich eine Auskunft, \u00fcber die bei uns gespeicherten personenbezogenen Daten, anzufordern und\/oder eine Berichtigung, Sperrung oder L\u00f6schung zu verlangen. Ausnahmen: Es handelt sich um die vorgeschriebene Datenspeicherung zur Gesch\u00e4ftsabwicklung oder die Daten unterliegen der gesetzlichen Aufbewahrungspflicht.<\/p>\n\n\n\n<p>F\u00fcr diese Zwecke kontaktieren Sie bitte unseren Datenschutzbeauftragen (Kontaktdaten: Andreas Weiland, Tel.: (+49)7524 \u2013 4 67 90 01, E-Mail: info{\u00e4t}it-weiland{dot}de).<\/p>\n\n\n\n<p>Um eine Datensperre jederzeit ber\u00fccksichtigen zu k\u00f6nnen, ist es erforderlich, die Daten f\u00fcr Kontrollzwecke in einer Sperrdatei vorzuhalten. Besteht keine gesetzliche Archivierungspflicht, k\u00f6nnen Sie auch die L\u00f6schung der Daten verlangen. Anderenfalls sperren wir die Daten, sofern Sie dies w\u00fcnschen.<\/p>\n\n\n\n<p>\u00c4nderung unserer Datenschutzerkl\u00e4rung<\/p>\n\n\n\n<p>Um zu gew\u00e4hrleisten, dass unsere Datenschutzerkl\u00e4rung stets den aktuellen gesetzlichen Vorgaben entspricht, behalten wir uns jederzeit \u00c4nderungen vor. Das gilt auch f\u00fcr den Fall, dass die Datenschutzerkl\u00e4rung aufgrund neuer oder \u00fcberarbeiteter Leistungen, zum Beispiel neuer Serviceleistungen, angepasst werden muss. Die neue Datenschutzerkl\u00e4rung greift dann bei Ihrem n\u00e4chsten Besuch auf unserem Angebot.<\/p>\n","protected":false},"excerpt":{"rendered":"<p>Datenschutzerkl\u00e4rung Anbieter und verantwortliche Stelle im Sinne des Datenschutzgesetzes IT-Weiland | Andreas Weiland | Wei\u00dfdornweg 9 | 88339 Bad Waldsee Geltungsbereich Nutzer erhalten mit dieser Datenschutzerkl\u00e4rung Information \u00fcber die Art, den Umfang und Zweck der Erhebung und Verwendung ihrer Daten durch den verantwortlichen Anbieter erhoben und verwendet werden. Den rechtlichen Rahmen f\u00fcr den Datenschutz bilden &hellip; <\/p>\n<p class=\"link-more\"><a href=\"https:\/\/it-weiland.de\/?page_id=30\" class=\"more-link\"><span class=\"screen-reader-text\">\u201eDatenschutzerkl\u00e4rung\u201c <\/span>weiterlesen<\/a><\/p>\n","protected":false},"author":1,"featured_media":0,"parent":0,"menu_order":0,"comment_status":"closed","ping_status":"closed","template":"","meta":{"footnotes":""},"class_list":["post-30","page","type-page","status-publish","hentry"],"yoast_head":"<!-- This site is optimized with the Yoast SEO plugin v27.0 - https:\/\/yoast.com\/product\/yoast-seo-wordpress\/ -->\n<title>Datenschutzerkl\u00e4rung - IT Weiland<\/title>\n<meta name=\"robots\" content=\"index, follow, max-snippet:-1, max-image-preview:large, max-video-preview:-1\" \/>\n<link rel=\"canonical\" href=\"https:\/\/it-weiland.de\/?page_id=30\" \/>\n<meta property=\"og:locale\" content=\"de_DE\" \/>\n<meta property=\"og:type\" content=\"article\" \/>\n<meta property=\"og:title\" content=\"Datenschutzerkl\u00e4rung - IT Weiland\" \/>\n<meta property=\"og:description\" content=\"Datenschutzerkl\u00e4rung Anbieter und verantwortliche Stelle im Sinne des Datenschutzgesetzes IT-Weiland | Andreas Weiland | Wei\u00dfdornweg 9 | 88339 Bad Waldsee Geltungsbereich Nutzer erhalten mit dieser Datenschutzerkl\u00e4rung Information \u00fcber die Art, den Umfang und Zweck der Erhebung und Verwendung ihrer Daten durch den verantwortlichen Anbieter erhoben und verwendet werden. Den rechtlichen Rahmen f\u00fcr den Datenschutz bilden &hellip; \u201eDatenschutzerkl\u00e4rung\u201c weiterlesen\" \/>\n<meta property=\"og:url\" content=\"https:\/\/it-weiland.de\/?page_id=30\" \/>\n<meta property=\"og:site_name\" content=\"IT Weiland\" \/>\n<meta property=\"article:modified_time\" content=\"2026-02-01T14:41:22+00:00\" \/>\n<meta name=\"twitter:card\" content=\"summary_large_image\" \/>\n<meta name=\"twitter:label1\" content=\"Gesch\u00e4tzte Lesezeit\" \/>\n\t<meta name=\"twitter:data1\" content=\"2\u00a0Minuten\" \/>\n<script type=\"application\/ld+json\" class=\"yoast-schema-graph\">{\"@context\":\"https:\/\/schema.org\",\"@graph\":[{\"@type\":\"WebPage\",\"@id\":\"https:\/\/it-weiland.de\/?page_id=30\",\"url\":\"https:\/\/it-weiland.de\/?page_id=30\",\"name\":\"Datenschutzerkl\u00e4rung - IT Weiland\",\"isPartOf\":{\"@id\":\"https:\/\/it-weiland.de\/#website\"},\"datePublished\":\"2026-02-01T14:41:21+00:00\",\"dateModified\":\"2026-02-01T14:41:22+00:00\",\"breadcrumb\":{\"@id\":\"https:\/\/it-weiland.de\/?page_id=30#breadcrumb\"},\"inLanguage\":\"de\",\"potentialAction\":[{\"@type\":\"ReadAction\",\"target\":[\"https:\/\/it-weiland.de\/?page_id=30\"]}]},{\"@type\":\"BreadcrumbList\",\"@id\":\"https:\/\/it-weiland.de\/?page_id=30#breadcrumb\",\"itemListElement\":[{\"@type\":\"ListItem\",\"position\":1,\"name\":\"Start\",\"item\":\"https:\/\/it-weiland.de\/\"},{\"@type\":\"ListItem\",\"position\":2,\"name\":\"Datenschutzerkl\u00e4rung\"}]},{\"@type\":\"WebSite\",\"@id\":\"https:\/\/it-weiland.de\/#website\",\"url\":\"https:\/\/it-weiland.de\/\",\"name\":\"IT Weiland\",\"description\":\"{make IT possible}\",\"potentialAction\":[{\"@type\":\"SearchAction\",\"target\":{\"@type\":\"EntryPoint\",\"urlTemplate\":\"https:\/\/it-weiland.de\/?s={search_term_string}\"},\"query-input\":{\"@type\":\"PropertyValueSpecification\",\"valueRequired\":true,\"valueName\":\"search_term_string\"}}],\"inLanguage\":\"de\"}]}<\/script>\n<!-- \/ Yoast SEO plugin. -->","yoast_head_json":{"title":"Datenschutzerkl\u00e4rung - IT Weiland","robots":{"index":"index","follow":"follow","max-snippet":"max-snippet:-1","max-image-preview":"max-image-preview:large","max-video-preview":"max-video-preview:-1"},"canonical":"https:\/\/it-weiland.de\/?page_id=30","og_locale":"de_DE","og_type":"article","og_title":"Datenschutzerkl\u00e4rung - IT Weiland","og_description":"Datenschutzerkl\u00e4rung Anbieter und verantwortliche Stelle im Sinne des Datenschutzgesetzes IT-Weiland | Andreas Weiland | Wei\u00dfdornweg 9 | 88339 Bad Waldsee Geltungsbereich Nutzer erhalten mit dieser Datenschutzerkl\u00e4rung Information \u00fcber die Art, den Umfang und Zweck der Erhebung und Verwendung ihrer Daten durch den verantwortlichen Anbieter erhoben und verwendet werden. Den rechtlichen Rahmen f\u00fcr den Datenschutz bilden &hellip; \u201eDatenschutzerkl\u00e4rung\u201c weiterlesen","og_url":"https:\/\/it-weiland.de\/?page_id=30","og_site_name":"IT Weiland","article_modified_time":"2026-02-01T14:41:22+00:00","twitter_card":"summary_large_image","twitter_misc":{"Gesch\u00e4tzte Lesezeit":"2\u00a0Minuten"},"schema":{"@context":"https:\/\/schema.org","@graph":[{"@type":"WebPage","@id":"https:\/\/it-weiland.de\/?page_id=30","url":"https:\/\/it-weiland.de\/?page_id=30","name":"Datenschutzerkl\u00e4rung - IT Weiland","isPartOf":{"@id":"https:\/\/it-weiland.de\/#website"},"datePublished":"2026-02-01T14:41:21+00:00","dateModified":"2026-02-01T14:41:22+00:00","breadcrumb":{"@id":"https:\/\/it-weiland.de\/?page_id=30#breadcrumb"},"inLanguage":"de","potentialAction":[{"@type":"ReadAction","target":["https:\/\/it-weiland.de\/?page_id=30"]}]},{"@type":"BreadcrumbList","@id":"https:\/\/it-weiland.de\/?page_id=30#breadcrumb","itemListElement":[{"@type":"ListItem","position":1,"name":"Start","item":"https:\/\/it-weiland.de\/"},{"@type":"ListItem","position":2,"name":"Datenschutzerkl\u00e4rung"}]},{"@type":"WebSite","@id":"https:\/\/it-weiland.de\/#website","url":"https:\/\/it-weiland.de\/","name":"IT Weiland","description":"{make IT possible}","potentialAction":[{"@type":"SearchAction","target":{"@type":"EntryPoint","urlTemplate":"https:\/\/it-weiland.de\/?s={search_term_string}"},"query-input":{"@type":"PropertyValueSpecification","valueRequired":true,"valueName":"search_term_string"}}],"inLanguage":"de"}]}},"_links":{"self":[{"href":"https:\/\/it-weiland.de\/index.php?rest_route=\/wp\/v2\/pages\/30","targetHints":{"allow":["GET"]}}],"collection":[{"href":"https:\/\/it-weiland.de\/index.php?rest_route=\/wp\/v2\/pages"}],"about":[{"href":"https:\/\/it-weiland.de\/index.php?rest_route=\/wp\/v2\/types\/page"}],"author":[{"embeddable":true,"href":"https:\/\/it-weiland.de\/index.php?rest_route=\/wp\/v2\/users\/1"}],"replies":[{"embeddable":true,"href":"https:\/\/it-weiland.de\/index.php?rest_route=%2Fwp%2Fv2%2Fcomments&post=30"}],"version-history":[{"count":1,"href":"https:\/\/it-weiland.de\/index.php?rest_route=\/wp\/v2\/pages\/30\/revisions"}],"predecessor-version":[{"id":32,"href":"https:\/\/it-weiland.de\/index.php?rest_route=\/wp\/v2\/pages\/30\/revisions\/32"}],"wp:attachment":[{"href":"https:\/\/it-weiland.de\/index.php?rest_route=%2Fwp%2Fv2%2Fmedia&parent=30"}],"curies":[{"name":"wp","href":"https:\/\/api.w.org\/{rel}","templated":true}]}}