{"id":7,"date":"2026-02-01T13:01:43","date_gmt":"2026-02-01T13:01:43","guid":{"rendered":"https:\/\/it-weiland.de\/?page_id=7"},"modified":"2026-02-01T14:42:56","modified_gmt":"2026-02-01T14:42:56","slug":"impressum","status":"publish","type":"page","link":"https:\/\/it-weiland.de\/?page_id=7","title":{"rendered":"Impressum"},"content":{"rendered":"\n<p>IT Weiland<br>Andreas Weiland<br>Dipl. Wirtschaftsinformatiker (FH)<br>Wei\u00dfdornweg 9<br>88339 Bad Waldsee<\/p>\n\n\n\n<p>Mobil: (+49)178 \u2013 2 93 45 26<br>B\u00fcro: (+49)7524 \u2013 4 67 90 01<\/p>\n\n\n\n<p>E-Mail: info{\u00e4t}it-weiland{dot}de<br>Internet: <a href=\"www.it-weiland.de\">www.it-weiland.de<\/a> Haftungshinweis: Trotz sorgf\u00e4ltiger inhaltlicher Kontrolle \u00fcbernehmen wir keine Haftung f\u00fcr die Inhalte externer Links. F\u00fcr den Inhalt der verlinkten Seiten sind ausschlie\u00dflich deren Betreiber verantwortlich.<\/p>\n\n\n\n<p><\/p>\n","protected":false},"excerpt":{"rendered":"<p>IT WeilandAndreas WeilandDipl. Wirtschaftsinformatiker (FH)Wei\u00dfdornweg 988339 Bad Waldsee Mobil: (+49)178 \u2013 2 93 45 26B\u00fcro: (+49)7524 \u2013 4 67 90 01 E-Mail: info{\u00e4t}it-weiland{dot}deInternet: www.it-weiland.de Haftungshinweis: Trotz sorgf\u00e4ltiger inhaltlicher Kontrolle \u00fcbernehmen wir keine Haftung f\u00fcr die Inhalte externer Links. F\u00fcr den Inhalt der verlinkten Seiten sind ausschlie\u00dflich deren Betreiber verantwortlich.<\/p>\n","protected":false},"author":1,"featured_media":0,"parent":0,"menu_order":0,"comment_status":"closed","ping_status":"closed","template":"","meta":{"footnotes":""},"class_list":["post-7","page","type-page","status-publish","hentry"],"yoast_head":"<!-- This site is optimized with the Yoast SEO plugin v27.0 - https:\/\/yoast.com\/product\/yoast-seo-wordpress\/ -->\n<title>Impressum - IT Weiland<\/title>\n<meta name=\"robots\" content=\"index, follow, max-snippet:-1, max-image-preview:large, max-video-preview:-1\" \/>\n<link rel=\"canonical\" href=\"https:\/\/it-weiland.de\/?page_id=7\" \/>\n<meta property=\"og:locale\" content=\"de_DE\" \/>\n<meta property=\"og:type\" content=\"article\" \/>\n<meta property=\"og:title\" content=\"Impressum - IT Weiland\" \/>\n<meta property=\"og:description\" content=\"IT WeilandAndreas WeilandDipl. Wirtschaftsinformatiker (FH)Wei\u00dfdornweg 988339 Bad Waldsee Mobil: (+49)178 \u2013 2 93 45 26B\u00fcro: (+49)7524 \u2013 4 67 90 01 E-Mail: info{\u00e4t}it-weiland{dot}deInternet: www.it-weiland.de Haftungshinweis: Trotz sorgf\u00e4ltiger inhaltlicher Kontrolle \u00fcbernehmen wir keine Haftung f\u00fcr die Inhalte externer Links. F\u00fcr den Inhalt der verlinkten Seiten sind ausschlie\u00dflich deren Betreiber verantwortlich.\" \/>\n<meta property=\"og:url\" content=\"https:\/\/it-weiland.de\/?page_id=7\" \/>\n<meta property=\"og:site_name\" content=\"IT Weiland\" \/>\n<meta property=\"article:modified_time\" content=\"2026-02-01T14:42:56+00:00\" \/>\n<meta name=\"twitter:card\" content=\"summary_large_image\" \/>\n<meta name=\"twitter:label1\" content=\"Gesch\u00e4tzte Lesezeit\" \/>\n\t<meta name=\"twitter:data1\" content=\"1\u00a0Minute\" \/>\n<script type=\"application\/ld+json\" class=\"yoast-schema-graph\">{\"@context\":\"https:\/\/schema.org\",\"@graph\":[{\"@type\":\"WebPage\",\"@id\":\"https:\/\/it-weiland.de\/?page_id=7\",\"url\":\"https:\/\/it-weiland.de\/?page_id=7\",\"name\":\"Impressum - IT Weiland\",\"isPartOf\":{\"@id\":\"https:\/\/it-weiland.de\/#website\"},\"datePublished\":\"2026-02-01T13:01:43+00:00\",\"dateModified\":\"2026-02-01T14:42:56+00:00\",\"breadcrumb\":{\"@id\":\"https:\/\/it-weiland.de\/?page_id=7#breadcrumb\"},\"inLanguage\":\"de\",\"potentialAction\":[{\"@type\":\"ReadAction\",\"target\":[\"https:\/\/it-weiland.de\/?page_id=7\"]}]},{\"@type\":\"BreadcrumbList\",\"@id\":\"https:\/\/it-weiland.de\/?page_id=7#breadcrumb\",\"itemListElement\":[{\"@type\":\"ListItem\",\"position\":1,\"name\":\"Start\",\"item\":\"https:\/\/it-weiland.de\/\"},{\"@type\":\"ListItem\",\"position\":2,\"name\":\"Impressum\"}]},{\"@type\":\"WebSite\",\"@id\":\"https:\/\/it-weiland.de\/#website\",\"url\":\"https:\/\/it-weiland.de\/\",\"name\":\"IT Weiland\",\"description\":\"{make IT possible}\",\"potentialAction\":[{\"@type\":\"SearchAction\",\"target\":{\"@type\":\"EntryPoint\",\"urlTemplate\":\"https:\/\/it-weiland.de\/?s={search_term_string}\"},\"query-input\":{\"@type\":\"PropertyValueSpecification\",\"valueRequired\":true,\"valueName\":\"search_term_string\"}}],\"inLanguage\":\"de\"}]}<\/script>\n<!-- \/ Yoast SEO plugin. -->","yoast_head_json":{"title":"Impressum - IT Weiland","robots":{"index":"index","follow":"follow","max-snippet":"max-snippet:-1","max-image-preview":"max-image-preview:large","max-video-preview":"max-video-preview:-1"},"canonical":"https:\/\/it-weiland.de\/?page_id=7","og_locale":"de_DE","og_type":"article","og_title":"Impressum - IT Weiland","og_description":"IT WeilandAndreas WeilandDipl. Wirtschaftsinformatiker (FH)Wei\u00dfdornweg 988339 Bad Waldsee Mobil: (+49)178 \u2013 2 93 45 26B\u00fcro: (+49)7524 \u2013 4 67 90 01 E-Mail: info{\u00e4t}it-weiland{dot}deInternet: www.it-weiland.de Haftungshinweis: Trotz sorgf\u00e4ltiger inhaltlicher Kontrolle \u00fcbernehmen wir keine Haftung f\u00fcr die Inhalte externer Links. F\u00fcr den Inhalt der verlinkten Seiten sind ausschlie\u00dflich deren Betreiber verantwortlich.","og_url":"https:\/\/it-weiland.de\/?page_id=7","og_site_name":"IT Weiland","article_modified_time":"2026-02-01T14:42:56+00:00","twitter_card":"summary_large_image","twitter_misc":{"Gesch\u00e4tzte Lesezeit":"1\u00a0Minute"},"schema":{"@context":"https:\/\/schema.org","@graph":[{"@type":"WebPage","@id":"https:\/\/it-weiland.de\/?page_id=7","url":"https:\/\/it-weiland.de\/?page_id=7","name":"Impressum - IT Weiland","isPartOf":{"@id":"https:\/\/it-weiland.de\/#website"},"datePublished":"2026-02-01T13:01:43+00:00","dateModified":"2026-02-01T14:42:56+00:00","breadcrumb":{"@id":"https:\/\/it-weiland.de\/?page_id=7#breadcrumb"},"inLanguage":"de","potentialAction":[{"@type":"ReadAction","target":["https:\/\/it-weiland.de\/?page_id=7"]}]},{"@type":"BreadcrumbList","@id":"https:\/\/it-weiland.de\/?page_id=7#breadcrumb","itemListElement":[{"@type":"ListItem","position":1,"name":"Start","item":"https:\/\/it-weiland.de\/"},{"@type":"ListItem","position":2,"name":"Impressum"}]},{"@type":"WebSite","@id":"https:\/\/it-weiland.de\/#website","url":"https:\/\/it-weiland.de\/","name":"IT Weiland","description":"{make IT possible}","potentialAction":[{"@type":"SearchAction","target":{"@type":"EntryPoint","urlTemplate":"https:\/\/it-weiland.de\/?s={search_term_string}"},"query-input":{"@type":"PropertyValueSpecification","valueRequired":true,"valueName":"search_term_string"}}],"inLanguage":"de"}]}},"_links":{"self":[{"href":"https:\/\/it-weiland.de\/index.php?rest_route=\/wp\/v2\/pages\/7","targetHints":{"allow":["GET"]}}],"collection":[{"href":"https:\/\/it-weiland.de\/index.php?rest_route=\/wp\/v2\/pages"}],"about":[{"href":"https:\/\/it-weiland.de\/index.php?rest_route=\/wp\/v2\/types\/page"}],"author":[{"embeddable":true,"href":"https:\/\/it-weiland.de\/index.php?rest_route=\/wp\/v2\/users\/1"}],"replies":[{"embeddable":true,"href":"https:\/\/it-weiland.de\/index.php?rest_route=%2Fwp%2Fv2%2Fcomments&post=7"}],"version-history":[{"count":3,"href":"https:\/\/it-weiland.de\/index.php?rest_route=\/wp\/v2\/pages\/7\/revisions"}],"predecessor-version":[{"id":34,"href":"https:\/\/it-weiland.de\/index.php?rest_route=\/wp\/v2\/pages\/7\/revisions\/34"}],"wp:attachment":[{"href":"https:\/\/it-weiland.de\/index.php?rest_route=%2Fwp%2Fv2%2Fmedia&parent=7"}],"curies":[{"name":"wp","href":"https:\/\/api.w.org\/{rel}","templated":true}]}}